{"id":182,"date":"2022-08-05T05:35:50","date_gmt":"2022-08-05T05:35:50","guid":{"rendered":"https:\/\/shop.brandan.ch\/?page_id=182"},"modified":"2022-08-05T05:38:27","modified_gmt":"2022-08-05T05:38:27","slug":"buchungsbedingungen","status":"publish","type":"page","link":"https:\/\/shop.brandan.ch\/index.php\/buchungsbedingungen\/","title":{"rendered":"Buchungsbedingungen"},"content":{"rendered":"<h1>Buchungsbedingungen<\/h1>\n<p>&nbsp;<\/p>\n<h4>Teilnahmeberrechtigung<\/h4>\n<p>&nbsp;<\/p>\n<p>Eine Buchung gilt immer f\u00fcr das erste, nach dem Buchungszeitpunkt durchgef\u00fchrte Seminar oder Workshop. Eine \u00dcbertragung der Buchung auf einen sp\u00e4teren Zeitpunkt ist nur mit Absprache m\u00f6glich. Bei nicht im voraus abgesprochener Nicht-Teilnahme verf\u00e4llt die Buchung.<\/p>\n<p>&nbsp;<\/p>\n<h4>Stornogeb\u00fchr<\/h4>\n<p>&nbsp;<\/p>\n<p>Die Stornogeb\u00fchr betr\u00e4gt 30 % des Seminar- oder Workshop-Preises. In jedem Fall betr\u00e4gt sie jedoch mindestens 50 EUR\/CHF.<\/p>\n<p>&nbsp;<\/p>\n","protected":false},"excerpt":{"rendered":"<p>Buchungsbedingungen &nbsp; Teilnahmeberrechtigung &nbsp; Eine Buchung gilt immer f\u00fcr das erste, nach dem Buchungszeitpunkt durchgef\u00fchrte Seminar oder Workshop. Eine \u00dcbertragung der Buchung auf einen sp\u00e4teren Zeitpunkt ist nur mit Absprache m\u00f6glich. Bei nicht im voraus abgesprochener Nicht-Teilnahme verf\u00e4llt die Buchung. &nbsp; Stornogeb\u00fchr &nbsp; Die Stornogeb\u00fchr betr\u00e4gt 30 % des Seminar-&#8230;<\/p>\n<p class=\"continue-reading-button\"> <a class=\"continue-reading-link\" href=\"https:\/\/shop.brandan.ch\/index.php\/buchungsbedingungen\/\">weiter lesen<i class=\"crycon-right-dir\"><\/i><\/a><\/p>\n","protected":false},"author":1,"featured_media":0,"parent":0,"menu_order":0,"comment_status":"closed","ping_status":"closed","template":"","meta":{"footnotes":""},"class_list":["post-182","page","type-page","status-publish","hentry"],"_links":{"self":[{"href":"https:\/\/shop.brandan.ch\/index.php\/wp-json\/wp\/v2\/pages\/182","targetHints":{"allow":["GET"]}}],"collection":[{"href":"https:\/\/shop.brandan.ch\/index.php\/wp-json\/wp\/v2\/pages"}],"about":[{"href":"https:\/\/shop.brandan.ch\/index.php\/wp-json\/wp\/v2\/types\/page"}],"author":[{"embeddable":true,"href":"https:\/\/shop.brandan.ch\/index.php\/wp-json\/wp\/v2\/users\/1"}],"replies":[{"embeddable":true,"href":"https:\/\/shop.brandan.ch\/index.php\/wp-json\/wp\/v2\/comments?post=182"}],"version-history":[{"count":3,"href":"https:\/\/shop.brandan.ch\/index.php\/wp-json\/wp\/v2\/pages\/182\/revisions"}],"predecessor-version":[{"id":186,"href":"https:\/\/shop.brandan.ch\/index.php\/wp-json\/wp\/v2\/pages\/182\/revisions\/186"}],"wp:attachment":[{"href":"https:\/\/shop.brandan.ch\/index.php\/wp-json\/wp\/v2\/media?parent=182"}],"curies":[{"name":"wp","href":"https:\/\/api.w.org\/{rel}","templated":true}]}}